{"id":591,"date":"2019-06-21T11:05:44","date_gmt":"2019-06-21T11:05:44","guid":{"rendered":"http:\/\/www.manoblynai.lt\/?page_id=591"},"modified":"2021-12-29T14:00:28","modified_gmt":"2021-12-29T14:00:28","slug":"kontaktai","status":"publish","type":"page","link":"https:\/\/www.manoblynai.lt\/en\/kontaktai\/","title":{"rendered":"Contact"},"content":{"rendered":"<div data-elementor-type=\"wp-post\" data-elementor-id=\"591\" class=\"elementor elementor-591\">\n\t\t\t\t\t\t<div class=\"elementor-inner\">\n\t\t\t\t<div class=\"elementor-section-wrap\">\n\t\t\t\t\t\t\t\t\t<section class=\"elementor-section elementor-top-section elementor-element elementor-element-0e74a19 elementor-section-stretched elementor-section-full_width elementor-section-content-top elementor-section-height-default elementor-section-height-default\" data-id=\"0e74a19\" data-element_type=\"section\" data-settings=\"{&quot;stretch_section&quot;:&quot;section-stretched&quot;}\">\n\t\t\t\t\t\t<div class=\"elementor-container elementor-column-gap-no\">\n\t\t\t\t\t\t\t<div class=\"elementor-row\">\n\t\t\t\t\t<div class=\"elementor-column elementor-col-50 elementor-top-column elementor-element elementor-element-e27dd46\" data-id=\"e27dd46\" data-element_type=\"column\">\n\t\t\t<div class=\"elementor-column-wrap elementor-element-populated\">\n\t\t\t\t\t\t\t<div class=\"elementor-widget-wrap\">\n\t\t\t\t\t\t<div class=\"elementor-element elementor-element-ece1665 elementor-widget elementor-widget-image\" data-id=\"ece1665\" data-element_type=\"widget\" data-widget_type=\"image.default\">\n\t\t\t\t<div class=\"elementor-widget-container\">\n\t\t\t\t\t\t\t\t<div class=\"elementor-image\">\n\t\t\t\t\t\t\t\t\t\t\t\t<img width=\"302\" height=\"261\" src=\"https:\/\/www.manoblynai.lt\/wp-content\/uploads\/2021\/12\/mano-blynai.png\" class=\"attachment-large size-large\" alt=\"mano blynai\" loading=\"lazy\" srcset=\"https:\/\/www.manoblynai.lt\/wp-content\/uploads\/2021\/12\/mano-blynai.png 302w, https:\/\/www.manoblynai.lt\/wp-content\/uploads\/2021\/12\/mano-blynai-300x259.png 300w\" sizes=\"(max-width: 302px) 100vw, 302px\" \/>\t\t\t\t\t\t\t\t\t\t\t\t\t\t<\/div>\n\t\t\t\t\t\t<\/div>\n\t\t\t\t<\/div>\n\t\t\t\t\t\t<\/div>\n\t\t\t\t\t<\/div>\n\t\t<\/div>\n\t\t\t\t<div class=\"elementor-column elementor-col-50 elementor-top-column elementor-element elementor-element-6a720ac\" data-id=\"6a720ac\" data-element_type=\"column\" data-settings=\"{&quot;background_background&quot;:&quot;classic&quot;}\">\n\t\t\t<div class=\"elementor-column-wrap elementor-element-populated\">\n\t\t\t\t\t\t\t<div class=\"elementor-widget-wrap\">\n\t\t\t\t\t\t<div class=\"elementor-element elementor-element-81704cf elementor-widget elementor-widget-heading\" data-id=\"81704cf\" data-element_type=\"widget\" data-widget_type=\"heading.default\">\n\t\t\t\t<div class=\"elementor-widget-container\">\n\t\t\t<h2 class=\"elementor-heading-title elementor-size-default\">Sveiki, blyn\u0173 bi\u010diuliai<\/h2>\t\t<\/div>\n\t\t\t\t<\/div>\n\t\t\t\t<div class=\"elementor-element elementor-element-3c00452 elementor-widget__width-initial elementor-widget elementor-widget-text-editor\" data-id=\"3c00452\" data-element_type=\"widget\" data-widget_type=\"text-editor.default\">\n\t\t\t\t<div class=\"elementor-widget-container\">\n\t\t\t\t\t\t\t\t<div class=\"elementor-text-editor elementor-clearfix\">\n\t\t\t\t<p>D\u0117koju kad u\u017esukote.<\/p><p>Norite susisiekti? &#8211; u\u017esukite \u012f mano Facebook ar Instagram paskyras.<\/p>\t\t\t\t\t<\/div>\n\t\t\t\t\t\t<\/div>\n\t\t\t\t<\/div>\n\t\t\t\t\t\t<\/div>\n\t\t\t\t\t<\/div>\n\t\t<\/div>\n\t\t\t\t\t\t\t\t<\/div>\n\t\t\t\t\t<\/div>\n\t\t<\/section>\n\t\t\t\t<section class=\"elementor-section elementor-top-section elementor-element elementor-element-a69d503 elementor-section-stretched elementor-section-boxed elementor-section-height-default elementor-section-height-default\" data-id=\"a69d503\" data-element_type=\"section\" data-settings=\"{&quot;stretch_section&quot;:&quot;section-stretched&quot;,&quot;background_background&quot;:&quot;classic&quot;}\">\n\t\t\t\t\t\t<div class=\"elementor-container elementor-column-gap-default\">\n\t\t\t\t\t\t\t<div class=\"elementor-row\">\n\t\t\t\t\t<div class=\"elementor-column elementor-col-100 elementor-top-column elementor-element elementor-element-b372594\" data-id=\"b372594\" data-element_type=\"column\">\n\t\t\t<div class=\"elementor-column-wrap\">\n\t\t\t\t\t\t\t<div class=\"elementor-widget-wrap\">\n\t\t\t\t\t\t\t\t<\/div>\n\t\t\t\t\t<\/div>\n\t\t<\/div>\n\t\t\t\t\t\t\t\t<\/div>\n\t\t\t\t\t<\/div>\n\t\t<\/section>\n\t\t\t\t\t\t\t\t\t<\/div>\n\t\t\t<\/div>\n\t\t\t\t\t<\/div>","protected":false},"excerpt":{"rendered":"<p>Sveiki, blyn\u0173 bi\u010diuliai D\u0117koju kad u\u017esukote. Norite susisiekti? &#8211; u\u017esukite \u012f mano Facebook ar Instagram paskyras.<\/p>","protected":false},"author":1,"featured_media":0,"parent":0,"menu_order":0,"comment_status":"closed","ping_status":"closed","template":"templates\/blank.php","meta":[],"yoast_head":"<!-- This site is optimized with the Yoast SEO plugin v17.8 - https:\/\/yoast.com\/wordpress\/plugins\/seo\/ -->\n<title>Kontaktai - Mano blynai<\/title>\n<meta name=\"robots\" content=\"index, follow, max-snippet:-1, max-image-preview:large, max-video-preview:-1\" \/>\n<link rel=\"canonical\" href=\"https:\/\/www.manoblynai.lt\/en\/kontaktai\/\" \/>\n<meta property=\"og:locale\" content=\"en_US\" \/>\n<meta property=\"og:type\" content=\"article\" \/>\n<meta property=\"og:title\" content=\"Kontaktai - Mano blynai\" \/>\n<meta property=\"og:description\" content=\"Sveiki, blyn\u0173 bi\u010diuliai D\u0117koju kad u\u017esukote. Norite susisiekti? &#8211; u\u017esukite \u012f mano Facebook ar Instagram paskyras.\" \/>\n<meta property=\"og:url\" content=\"https:\/\/www.manoblynai.lt\/en\/kontaktai\/\" \/>\n<meta property=\"og:site_name\" content=\"Mano blynai\" \/>\n<meta property=\"article:modified_time\" content=\"2021-12-29T14:00:28+00:00\" \/>\n<meta property=\"og:image\" content=\"http:\/\/www.manoblynai.lt\/wp-content\/uploads\/2021\/12\/mano-blynai.png\" \/>\n<meta name=\"twitter:card\" content=\"summary_large_image\" \/>\n<meta name=\"twitter:label1\" content=\"Est. reading time\" \/>\n\t<meta name=\"twitter:data1\" content=\"1 minute\" \/>\n<script type=\"application\/ld+json\" class=\"yoast-schema-graph\">{\"@context\":\"https:\/\/schema.org\",\"@graph\":[{\"@type\":\"WebSite\",\"@id\":\"https:\/\/www.manoblynai.lt\/#website\",\"url\":\"https:\/\/www.manoblynai.lt\/\",\"name\":\"Mano blynai\",\"description\":\"Tinklara&scaron;tis apie blynus\",\"potentialAction\":[{\"@type\":\"SearchAction\",\"target\":{\"@type\":\"EntryPoint\",\"urlTemplate\":\"https:\/\/www.manoblynai.lt\/?s={search_term_string}\"},\"query-input\":\"required name=search_term_string\"}],\"inLanguage\":\"en-US\"},{\"@type\":\"ImageObject\",\"@id\":\"https:\/\/www.manoblynai.lt\/kontaktai\/#primaryimage\",\"inLanguage\":\"en-US\",\"url\":\"http:\/\/www.manoblynai.lt\/wp-content\/uploads\/2021\/12\/mano-blynai.png\",\"contentUrl\":\"http:\/\/www.manoblynai.lt\/wp-content\/uploads\/2021\/12\/mano-blynai.png\"},{\"@type\":\"WebPage\",\"@id\":\"https:\/\/www.manoblynai.lt\/kontaktai\/#webpage\",\"url\":\"https:\/\/www.manoblynai.lt\/kontaktai\/\",\"name\":\"Kontaktai - Mano blynai\",\"isPartOf\":{\"@id\":\"https:\/\/www.manoblynai.lt\/#website\"},\"primaryImageOfPage\":{\"@id\":\"https:\/\/www.manoblynai.lt\/kontaktai\/#primaryimage\"},\"datePublished\":\"2019-06-21T11:05:44+00:00\",\"dateModified\":\"2021-12-29T14:00:28+00:00\",\"breadcrumb\":{\"@id\":\"https:\/\/www.manoblynai.lt\/kontaktai\/#breadcrumb\"},\"inLanguage\":\"en-US\",\"potentialAction\":[{\"@type\":\"ReadAction\",\"target\":[\"https:\/\/www.manoblynai.lt\/kontaktai\/\"]}]},{\"@type\":\"BreadcrumbList\",\"@id\":\"https:\/\/www.manoblynai.lt\/kontaktai\/#breadcrumb\",\"itemListElement\":[{\"@type\":\"ListItem\",\"position\":1,\"name\":\"Home\",\"item\":\"https:\/\/www.manoblynai.lt\/\"},{\"@type\":\"ListItem\",\"position\":2,\"name\":\"Kontaktai\"}]}]}<\/script>\n<!-- \/ Yoast SEO plugin. -->","yoast_head_json":{"title":"Kontaktai - Mano blynai","robots":{"index":"index","follow":"follow","max-snippet":"max-snippet:-1","max-image-preview":"max-image-preview:large","max-video-preview":"max-video-preview:-1"},"canonical":"https:\/\/www.manoblynai.lt\/en\/kontaktai\/","og_locale":"en_US","og_type":"article","og_title":"Kontaktai - Mano blynai","og_description":"Sveiki, blyn\u0173 bi\u010diuliai D\u0117koju kad u\u017esukote. Norite susisiekti? &#8211; u\u017esukite \u012f mano Facebook ar Instagram paskyras.","og_url":"https:\/\/www.manoblynai.lt\/en\/kontaktai\/","og_site_name":"Mano blynai","article_modified_time":"2021-12-29T14:00:28+00:00","og_image":[{"url":"http:\/\/www.manoblynai.lt\/wp-content\/uploads\/2021\/12\/mano-blynai.png"}],"twitter_card":"summary_large_image","twitter_misc":{"Est. reading time":"1 minute"},"schema":{"@context":"https:\/\/schema.org","@graph":[{"@type":"WebSite","@id":"https:\/\/www.manoblynai.lt\/#website","url":"https:\/\/www.manoblynai.lt\/","name":"Mano blynai","description":"Tinklara&scaron;tis apie blynus","potentialAction":[{"@type":"SearchAction","target":{"@type":"EntryPoint","urlTemplate":"https:\/\/www.manoblynai.lt\/?s={search_term_string}"},"query-input":"required name=search_term_string"}],"inLanguage":"en-US"},{"@type":"ImageObject","@id":"https:\/\/www.manoblynai.lt\/kontaktai\/#primaryimage","inLanguage":"en-US","url":"http:\/\/www.manoblynai.lt\/wp-content\/uploads\/2021\/12\/mano-blynai.png","contentUrl":"http:\/\/www.manoblynai.lt\/wp-content\/uploads\/2021\/12\/mano-blynai.png"},{"@type":"WebPage","@id":"https:\/\/www.manoblynai.lt\/kontaktai\/#webpage","url":"https:\/\/www.manoblynai.lt\/kontaktai\/","name":"Kontaktai - Mano blynai","isPartOf":{"@id":"https:\/\/www.manoblynai.lt\/#website"},"primaryImageOfPage":{"@id":"https:\/\/www.manoblynai.lt\/kontaktai\/#primaryimage"},"datePublished":"2019-06-21T11:05:44+00:00","dateModified":"2021-12-29T14:00:28+00:00","breadcrumb":{"@id":"https:\/\/www.manoblynai.lt\/kontaktai\/#breadcrumb"},"inLanguage":"en-US","potentialAction":[{"@type":"ReadAction","target":["https:\/\/www.manoblynai.lt\/kontaktai\/"]}]},{"@type":"BreadcrumbList","@id":"https:\/\/www.manoblynai.lt\/kontaktai\/#breadcrumb","itemListElement":[{"@type":"ListItem","position":1,"name":"Home","item":"https:\/\/www.manoblynai.lt\/"},{"@type":"ListItem","position":2,"name":"Kontaktai"}]}]}},"_links":{"self":[{"href":"https:\/\/www.manoblynai.lt\/en\/wp-json\/wp\/v2\/pages\/591"}],"collection":[{"href":"https:\/\/www.manoblynai.lt\/en\/wp-json\/wp\/v2\/pages"}],"about":[{"href":"https:\/\/www.manoblynai.lt\/en\/wp-json\/wp\/v2\/types\/page"}],"author":[{"embeddable":true,"href":"https:\/\/www.manoblynai.lt\/en\/wp-json\/wp\/v2\/users\/1"}],"replies":[{"embeddable":true,"href":"https:\/\/www.manoblynai.lt\/en\/wp-json\/wp\/v2\/comments?post=591"}],"version-history":[{"count":4,"href":"https:\/\/www.manoblynai.lt\/en\/wp-json\/wp\/v2\/pages\/591\/revisions"}],"predecessor-version":[{"id":2854,"href":"https:\/\/www.manoblynai.lt\/en\/wp-json\/wp\/v2\/pages\/591\/revisions\/2854"}],"wp:attachment":[{"href":"https:\/\/www.manoblynai.lt\/en\/wp-json\/wp\/v2\/media?parent=591"}],"curies":[{"name":"wp","href":"https:\/\/api.w.org\/{rel}","templated":true}]}}